{"id":1173,"date":"2023-02-27T13:07:37","date_gmt":"2023-02-27T13:07:37","guid":{"rendered":"https:\/\/sportie.novaworks.net\/?page_id=1173"},"modified":"2023-04-21T20:31:40","modified_gmt":"2023-04-21T20:31:40","slug":"contatti","status":"publish","type":"page","link":"https:\/\/masciaghi.com\/en\/contatti\/","title":{"rendered":"Contact"},"content":{"rendered":"<div data-elementor-type=\"wp-page\" data-elementor-id=\"1173\" class=\"elementor elementor-1173\" data-elementor-post-type=\"page\">\n\t\t\t\t\t\t<section class=\"elementor-section elementor-top-section elementor-element elementor-element-926c1d1 elementor-section-full_width elementor-section-height-min-height elementor-section-height-default elementor-section-items-middle\" data-id=\"926c1d1\" data-element_type=\"section\" data-e-type=\"section\" data-settings=\"{&quot;background_background&quot;:&quot;classic&quot;}\">\n\t\t\t\t\t\t<div class=\"elementor-container elementor-column-gap-no\">\n\t\t\t\t\t<div class=\"elementor-column elementor-col-100 elementor-top-column elementor-element elementor-element-5ca8c1f\" data-id=\"5ca8c1f\" data-element_type=\"column\" data-e-type=\"column\">\n\t\t\t<div class=\"elementor-widget-wrap elementor-element-populated\">\n\t\t\t\t\t\t<div class=\"elementor-element elementor-element-eac5771 elementor-widget elementor-widget-heading\" data-id=\"eac5771\" data-element_type=\"widget\" data-e-type=\"widget\" data-widget_type=\"heading.default\">\n\t\t\t\t<div class=\"elementor-widget-container\">\n\t\t\t\t\t<h2 class=\"elementor-heading-title elementor-size-default\">Contact<\/h2>\t\t\t\t<\/div>\n\t\t\t\t<\/div>\n\t\t\t\t\t<\/div>\n\t\t<\/div>\n\t\t\t\t\t<\/div>\n\t\t<\/section>\n\t\t\t\t<section class=\"elementor-section elementor-top-section elementor-element elementor-element-2b913da elementor-section-full_width elementor-section-height-default elementor-section-height-default\" data-id=\"2b913da\" data-element_type=\"section\" data-e-type=\"section\">\n\t\t\t\t\t\t<div class=\"elementor-container elementor-column-gap-default\">\n\t\t\t\t\t<div class=\"elementor-column elementor-col-100 elementor-top-column elementor-element elementor-element-12838e3\" data-id=\"12838e3\" data-element_type=\"column\" data-e-type=\"column\">\n\t\t\t<div class=\"elementor-widget-wrap\">\n\t\t\t\t\t\t\t<\/div>\n\t\t<\/div>\n\t\t\t\t\t<\/div>\n\t\t<\/section>\n\t\t\t\t<section class=\"elementor-section elementor-top-section elementor-element elementor-element-6747bd2a elementor-section-content-middle elementor-section-boxed elementor-section-height-default elementor-section-height-default\" data-id=\"6747bd2a\" data-element_type=\"section\" data-e-type=\"section\" data-settings=\"{&quot;background_background&quot;:&quot;classic&quot;}\">\n\t\t\t\t\t\t<div class=\"elementor-container elementor-column-gap-no\">\n\t\t\t\t\t<div class=\"elementor-column elementor-col-50 elementor-top-column elementor-element elementor-element-75344d7f\" data-id=\"75344d7f\" data-element_type=\"column\" data-e-type=\"column\">\n\t\t\t<div class=\"elementor-widget-wrap elementor-element-populated\">\n\t\t\t\t\t\t<div class=\"elementor-element elementor-element-6460cdb elementor-widget-divider--view-line elementor-widget elementor-widget-divider\" data-id=\"6460cdb\" data-element_type=\"widget\" data-e-type=\"widget\" data-widget_type=\"divider.default\">\n\t\t\t\t<div class=\"elementor-widget-container\">\n\t\t\t\t\t\t\t<div class=\"elementor-divider\">\n\t\t\t<span class=\"elementor-divider-separator\">\n\t\t\t\t\t\t<\/span>\n\t\t<\/div>\n\t\t\t\t\t\t<\/div>\n\t\t\t\t<\/div>\n\t\t\t\t\t<\/div>\n\t\t<\/div>\n\t\t\t\t<div class=\"elementor-column elementor-col-50 elementor-top-column elementor-element elementor-element-18dcaa88\" data-id=\"18dcaa88\" data-element_type=\"column\" data-e-type=\"column\">\n\t\t\t<div class=\"elementor-widget-wrap elementor-element-populated\">\n\t\t\t\t\t\t<div class=\"elementor-element elementor-element-60a61d8e elementor-widget elementor-widget-heading\" data-id=\"60a61d8e\" data-element_type=\"widget\" data-e-type=\"widget\" data-widget_type=\"heading.default\">\n\t\t\t\t<div class=\"elementor-widget-container\">\n\t\t\t\t\t<h4 class=\"elementor-heading-title elementor-size-default\">F.lli Masciaghi S.r.L. <\/h4>\t\t\t\t<\/div>\n\t\t\t\t<\/div>\n\t\t\t\t<div class=\"elementor-element elementor-element-2d772b2d elementor-widget elementor-widget-text-editor\" data-id=\"2d772b2d\" data-element_type=\"widget\" data-e-type=\"widget\" data-widget_type=\"text-editor.default\">\n\t\t\t\t<div class=\"elementor-widget-container\">\n\t\t\t\t\t\t\t\t\t<p>Registered Office:\u00a0<span style=\"font-family: var( --e-global-typography-text-font-family ), Sans-serif;\">Via Gramsci, 10<\/span><span style=\"font-family: var( --e-global-typography-text-font-family ), Sans-serif;\">\u00a0 &#8211;\u00a0<\/span><span style=\"font-size: inherit; font-family: var( --e-global-typography-text-font-family ), Sans-serif;\">20900 Monza, &#8211; Sede operativa e Uffici :\u00a0 Viale delle Industrie, 20 &#8211;\u00a0<\/span><span style=\"font-family: var( --e-global-typography-text-font-family ), Sans-serif;\">20060 Basiano, <\/span><br \/>P.IVA 00705850964 Cap. Soc. \u20ac 1.196.000 &#8211; REA MILANO 878522 &#8211; REG.IMPR e C.F. 01190320158<\/p>\t\t\t\t\t\t\t\t<\/div>\n\t\t\t\t<\/div>\n\t\t\t\t\t<\/div>\n\t\t<\/div>\n\t\t\t\t\t<\/div>\n\t\t<\/section>\n\t\t\t\t<section class=\"elementor-section elementor-top-section elementor-element elementor-element-0a2ada1 elementor-section-boxed elementor-section-height-default elementor-section-height-default\" data-id=\"0a2ada1\" data-element_type=\"section\" data-e-type=\"section\">\n\t\t\t\t\t\t<div class=\"elementor-container elementor-column-gap-default\">\n\t\t\t\t\t<div class=\"elementor-column elementor-col-100 elementor-top-column elementor-element elementor-element-05bc916\" data-id=\"05bc916\" data-element_type=\"column\" data-e-type=\"column\">\n\t\t\t<div class=\"elementor-widget-wrap elementor-element-populated\">\n\t\t\t\t\t\t<div class=\"elementor-element elementor-element-457c449 elementor-widget elementor-widget-heading\" data-id=\"457c449\" data-element_type=\"widget\" data-e-type=\"widget\" data-widget_type=\"heading.default\">\n\t\t\t\t<div class=\"elementor-widget-container\">\n\t\t\t\t\t<div class=\"elementor-heading-title elementor-size-default\">Il nostro team \u00e8 disponibile per qualsiasi informazione <br> dal Luned\u00ec al Venerd\u00ec dalle 9:00 alle 17:30<\/div>\t\t\t\t<\/div>\n\t\t\t\t<\/div>\n\t\t\t\t\t<\/div>\n\t\t<\/div>\n\t\t\t\t\t<\/div>\n\t\t<\/section>\n\t\t\t\t<section class=\"elementor-section elementor-top-section elementor-element elementor-element-2949254e elementor-section-content-middle elementor-section-boxed elementor-section-height-default elementor-section-height-default\" data-id=\"2949254e\" data-element_type=\"section\" data-e-type=\"section\" data-settings=\"{&quot;background_background&quot;:&quot;classic&quot;}\">\n\t\t\t\t\t\t<div class=\"elementor-container elementor-column-gap-no\">\n\t\t\t\t\t<div class=\"elementor-column elementor-col-50 elementor-top-column elementor-element elementor-element-2259d3e1\" data-id=\"2259d3e1\" data-element_type=\"column\" data-e-type=\"column\">\n\t\t\t<div class=\"elementor-widget-wrap elementor-element-populated\">\n\t\t\t\t\t\t<div class=\"elementor-element elementor-element-1ddcd632 elementor-widget elementor-widget-heading\" data-id=\"1ddcd632\" data-element_type=\"widget\" data-e-type=\"widget\" data-widget_type=\"heading.default\">\n\t\t\t\t<div class=\"elementor-widget-container\">\n\t\t\t\t\t<h4 class=\"elementor-heading-title elementor-size-default\">Request information<\/h4>\t\t\t\t<\/div>\n\t\t\t\t<\/div>\n\t\t\t\t<div class=\"elementor-element elementor-element-6c8a265e elementor-widget elementor-widget-heading\" data-id=\"6c8a265e\" data-element_type=\"widget\" data-e-type=\"widget\" data-widget_type=\"heading.default\">\n\t\t\t\t<div class=\"elementor-widget-container\">\n\t\t\t\t\t<h4 class=\"elementor-heading-title elementor-size-default\">info@masciaghi.it<\/h4>\t\t\t\t<\/div>\n\t\t\t\t<\/div>\n\t\t\t\t<div class=\"elementor-element elementor-element-65ac72d elementor-widget elementor-widget-heading\" data-id=\"65ac72d\" data-element_type=\"widget\" data-e-type=\"widget\" data-widget_type=\"heading.default\">\n\t\t\t\t<div class=\"elementor-widget-container\">\n\t\t\t\t\t<h4 class=\"elementor-heading-title elementor-size-default\">Tel: 02.950831<\/h4>\t\t\t\t<\/div>\n\t\t\t\t<\/div>\n\t\t\t\t<div class=\"elementor-element elementor-element-5eadf8f elementor-widget elementor-widget-heading\" data-id=\"5eadf8f\" data-element_type=\"widget\" data-e-type=\"widget\" data-widget_type=\"heading.default\">\n\t\t\t\t<div class=\"elementor-widget-container\">\n\t\t\t\t\t<h4 class=\"elementor-heading-title elementor-size-default\">Follow us on social media<\/h4>\t\t\t\t<\/div>\n\t\t\t\t<\/div>\n\t\t\t\t<div class=\"elementor-element elementor-element-3a6ecf45 e-grid-align-left elementor-shape-rounded elementor-grid-0 elementor-widget elementor-widget-social-icons\" data-id=\"3a6ecf45\" data-element_type=\"widget\" data-e-type=\"widget\" data-widget_type=\"social-icons.default\">\n\t\t\t\t<div class=\"elementor-widget-container\">\n\t\t\t\t\t\t\t<div class=\"elementor-social-icons-wrapper elementor-grid\" role=\"list\">\n\t\t\t\t\t\t\t<span class=\"elementor-grid-item\" role=\"listitem\">\n\t\t\t\t\t<a class=\"elementor-icon elementor-social-icon elementor-social-icon-facebook-f elementor-animation-grow elementor-repeater-item-9c86cde\" href=\"http:\/\/www.facebook.com\/bicicoppi\" target=\"_blank\">\n\t\t\t\t\t\t<span class=\"elementor-screen-only\">Facebook-f<\/span>\n\t\t\t\t\t\t<i aria-hidden=\"true\" class=\"fab fa-facebook-f\"><\/i>\t\t\t\t\t<\/a>\n\t\t\t\t<\/span>\n\t\t\t\t\t\t\t<span class=\"elementor-grid-item\" role=\"listitem\">\n\t\t\t\t\t<a class=\"elementor-icon elementor-social-icon elementor-social-icon-instagram elementor-animation-grow elementor-repeater-item-7bcbd9e\" href=\"http:\/\/www.instagram.com\/bicicoppi\" target=\"_blank\">\n\t\t\t\t\t\t<span class=\"elementor-screen-only\">Instagram<\/span>\n\t\t\t\t\t\t<i aria-hidden=\"true\" class=\"fab fa-instagram\"><\/i>\t\t\t\t\t<\/a>\n\t\t\t\t<\/span>\n\t\t\t\t\t<\/div>\n\t\t\t\t\t\t<\/div>\n\t\t\t\t<\/div>\n\t\t\t\t\t<\/div>\n\t\t<\/div>\n\t\t\t\t<div class=\"elementor-column elementor-col-50 elementor-top-column elementor-element elementor-element-3dc988c4\" data-id=\"3dc988c4\" data-element_type=\"column\" data-e-type=\"column\">\n\t\t\t<div class=\"elementor-widget-wrap elementor-element-populated\">\n\t\t\t\t\t\t<div class=\"elementor-element elementor-element-2a26ef5d elementor-widget elementor-widget-google_maps\" data-id=\"2a26ef5d\" data-element_type=\"widget\" data-e-type=\"widget\" data-widget_type=\"google_maps.default\">\n\t\t\t\t<div class=\"elementor-widget-container\">\n\t\t\t\t\t\t\t<div class=\"elementor-custom-embed\">\n\t\t\t<iframe loading=\"lazy\"\n\t\t\t\t\tsrc=\"https:\/\/maps.google.com\/maps?q=Viale%20delle%20Industrie%2C%2020%20Basiano&#038;t=m&#038;z=15&#038;output=embed&#038;iwloc=near\"\n\t\t\t\t\ttitle=\"Viale delle Industrie, 20 Basiano\"\n\t\t\t\t\taria-label=\"Viale delle Industrie, 20 Basiano\"\n\t\t\t><\/iframe>\n\t\t<\/div>\n\t\t\t\t\t\t<\/div>\n\t\t\t\t<\/div>\n\t\t\t\t\t<\/div>\n\t\t<\/div>\n\t\t\t\t\t<\/div>\n\t\t<\/section>\n\t\t\t\t<\/div>","protected":false},"excerpt":{"rendered":"<p>Contatti F.lli Masciaghi S.r.L. Sede Legale:\u00a0Via Gramsci, 10\u00a0 &#8211;\u00a020900 Monza, &#8211; Sede operativa e Uffici :\u00a0 Viale delle Industrie, 20 &#8211;\u00a020060 Basiano, P.IVA 00705850964 Cap. Soc. \u20ac 1.196.000 &#8211; REA MILANO 878522 &#8211; REG.IMPR e C.F. 01190320158 Il nostro team \u00e8 disponibile per qualsiasi informazione dal Luned\u00ec al Venerd\u00ec dalle 9:00 alle 17:30 Richiedi informazioni info@masciaghi.it Tel: 02.950831 Seguici sui\u2026<\/p>","protected":false},"author":5,"featured_media":0,"parent":0,"menu_order":0,"comment_status":"closed","ping_status":"closed","template":"elementor_header_footer","meta":{"footnotes":""},"class_list":["post-1173","page","type-page","status-publish","hentry"],"yoast_head":"<!-- This site is optimized with the Yoast SEO plugin v27.0 - https:\/\/yoast.com\/product\/yoast-seo-wordpress\/ -->\n<title>Contatti - Biciclette F.lli Masciaghi<\/title>\n<meta name=\"description\" content=\"Contatti il nostro team \u00e8 disponibile per QUALSIASI INFORMAZIONE dal Luned\u00ec al Venerd\u00ec dalle 9:00 alle 17:30\" \/>\n<meta name=\"robots\" content=\"index, follow, max-snippet:-1, max-image-preview:large, max-video-preview:-1\" \/>\n<link rel=\"canonical\" href=\"https:\/\/masciaghi.com\/en\/contatti\/\" \/>\n<meta property=\"og:locale\" content=\"en_GB\" \/>\n<meta property=\"og:type\" content=\"article\" \/>\n<meta property=\"og:title\" content=\"Contatti - Biciclette F.lli Masciaghi\" \/>\n<meta property=\"og:description\" content=\"Contatti il nostro team \u00e8 disponibile per QUALSIASI INFORMAZIONE dal Luned\u00ec al Venerd\u00ec dalle 9:00 alle 17:30\" \/>\n<meta property=\"og:url\" content=\"https:\/\/masciaghi.com\/en\/contatti\/\" \/>\n<meta property=\"og:site_name\" content=\"Biciclette F.lli Masciaghi\" \/>\n<meta property=\"article:modified_time\" content=\"2023-04-21T20:31:40+00:00\" \/>\n<meta property=\"og:image\" content=\"https:\/\/masciaghi.com\/wp-content\/uploads\/2021\/09\/logo-masciaghi_1a.webp\" \/>\n\t<meta property=\"og:image:width\" content=\"306\" \/>\n\t<meta property=\"og:image:height\" content=\"114\" \/>\n\t<meta property=\"og:image:type\" content=\"image\/webp\" \/>\n<meta name=\"twitter:card\" content=\"summary_large_image\" \/>\n<meta name=\"twitter:label1\" content=\"Estimated reading time\" \/>\n\t<meta name=\"twitter:data1\" content=\"1 minute\" \/>\n<script type=\"application\/ld+json\" class=\"yoast-schema-graph\">{\"@context\":\"https:\/\/schema.org\",\"@graph\":[{\"@type\":\"WebPage\",\"@id\":\"https:\/\/masciaghi.com\/en\/contatti\/\",\"url\":\"https:\/\/masciaghi.com\/en\/contatti\/\",\"name\":\"Contatti - Biciclette F.lli Masciaghi\",\"isPartOf\":{\"@id\":\"http:\/\/masciaghi.com\/it_it\/#website\"},\"datePublished\":\"2023-02-27T13:07:37+00:00\",\"dateModified\":\"2023-04-21T20:31:40+00:00\",\"description\":\"Contatti il nostro team \u00e8 disponibile per QUALSIASI INFORMAZIONE dal Luned\u00ec al Venerd\u00ec dalle 9:00 alle 17:30\",\"breadcrumb\":{\"@id\":\"https:\/\/masciaghi.com\/en\/contatti\/#breadcrumb\"},\"inLanguage\":\"en-GB\",\"potentialAction\":[{\"@type\":\"ReadAction\",\"target\":[\"https:\/\/masciaghi.com\/en\/contatti\/\"]}]},{\"@type\":\"BreadcrumbList\",\"@id\":\"https:\/\/masciaghi.com\/en\/contatti\/#breadcrumb\",\"itemListElement\":[{\"@type\":\"ListItem\",\"position\":1,\"name\":\"Home\",\"item\":\"https:\/\/masciaghi.com\/it_it\/\"},{\"@type\":\"ListItem\",\"position\":2,\"name\":\"Contatti\"}]},{\"@type\":\"WebSite\",\"@id\":\"http:\/\/masciaghi.com\/it_it\/#website\",\"url\":\"http:\/\/masciaghi.com\/it_it\/\",\"name\":\"Biciclette F.lli Masciaghi\",\"description\":\"Biciclette F.lli Masciaghi, Biciclette - Ebike - Mountain Bike Coppi, Girardengo\",\"publisher\":{\"@id\":\"http:\/\/masciaghi.com\/it_it\/#organization\"},\"alternateName\":\"masciaghi bike\",\"potentialAction\":[{\"@type\":\"SearchAction\",\"target\":{\"@type\":\"EntryPoint\",\"urlTemplate\":\"http:\/\/masciaghi.com\/it_it\/?s={search_term_string}\"},\"query-input\":{\"@type\":\"PropertyValueSpecification\",\"valueRequired\":true,\"valueName\":\"search_term_string\"}}],\"inLanguage\":\"en-GB\"},{\"@type\":\"Organization\",\"@id\":\"http:\/\/masciaghi.com\/it_it\/#organization\",\"name\":\"Biciclette F.lli Masciaghi\",\"url\":\"http:\/\/masciaghi.com\/it_it\/\",\"logo\":{\"@type\":\"ImageObject\",\"inLanguage\":\"en-GB\",\"@id\":\"http:\/\/masciaghi.com\/it_it\/#\/schema\/logo\/image\/\",\"url\":\"https:\/\/masciaghi.com\/wp-content\/uploads\/2021\/09\/logo-masciaghi_1a.webp\",\"contentUrl\":\"https:\/\/masciaghi.com\/wp-content\/uploads\/2021\/09\/logo-masciaghi_1a.webp\",\"width\":306,\"height\":114,\"caption\":\"Biciclette F.lli Masciaghi\"},\"image\":{\"@id\":\"http:\/\/masciaghi.com\/it_it\/#\/schema\/logo\/image\/\"}}]}<\/script>\n<!-- \/ Yoast SEO plugin. -->","yoast_head_json":{"title":"Contatti - Biciclette F.lli Masciaghi","description":"Contatti il nostro team \u00e8 disponibile per QUALSIASI INFORMAZIONE dal Luned\u00ec al Venerd\u00ec dalle 9:00 alle 17:30","robots":{"index":"index","follow":"follow","max-snippet":"max-snippet:-1","max-image-preview":"max-image-preview:large","max-video-preview":"max-video-preview:-1"},"canonical":"https:\/\/masciaghi.com\/en\/contatti\/","og_locale":"en_GB","og_type":"article","og_title":"Contatti - Biciclette F.lli Masciaghi","og_description":"Contatti il nostro team \u00e8 disponibile per QUALSIASI INFORMAZIONE dal Luned\u00ec al Venerd\u00ec dalle 9:00 alle 17:30","og_url":"https:\/\/masciaghi.com\/en\/contatti\/","og_site_name":"Biciclette F.lli Masciaghi","article_modified_time":"2023-04-21T20:31:40+00:00","og_image":[{"width":306,"height":114,"url":"https:\/\/masciaghi.com\/wp-content\/uploads\/2021\/09\/logo-masciaghi_1a.webp","type":"image\/webp"}],"twitter_card":"summary_large_image","twitter_misc":{"Estimated reading time":"1 minute"},"schema":{"@context":"https:\/\/schema.org","@graph":[{"@type":"WebPage","@id":"https:\/\/masciaghi.com\/en\/contatti\/","url":"https:\/\/masciaghi.com\/en\/contatti\/","name":"Contatti - Biciclette F.lli Masciaghi","isPartOf":{"@id":"http:\/\/masciaghi.com\/it_it\/#website"},"datePublished":"2023-02-27T13:07:37+00:00","dateModified":"2023-04-21T20:31:40+00:00","description":"Contatti il nostro team \u00e8 disponibile per QUALSIASI INFORMAZIONE dal Luned\u00ec al Venerd\u00ec dalle 9:00 alle 17:30","breadcrumb":{"@id":"https:\/\/masciaghi.com\/en\/contatti\/#breadcrumb"},"inLanguage":"en-GB","potentialAction":[{"@type":"ReadAction","target":["https:\/\/masciaghi.com\/en\/contatti\/"]}]},{"@type":"BreadcrumbList","@id":"https:\/\/masciaghi.com\/en\/contatti\/#breadcrumb","itemListElement":[{"@type":"ListItem","position":1,"name":"Home","item":"https:\/\/masciaghi.com\/it_it\/"},{"@type":"ListItem","position":2,"name":"Contatti"}]},{"@type":"WebSite","@id":"http:\/\/masciaghi.com\/it_it\/#website","url":"http:\/\/masciaghi.com\/it_it\/","name":"Biciclette F.lli Masciaghi","description":"Biciclette F.lli Masciaghi, Biciclette - Ebike - Mountain Bike Coppi, Girardengo","publisher":{"@id":"http:\/\/masciaghi.com\/it_it\/#organization"},"alternateName":"masciaghi bike","potentialAction":[{"@type":"SearchAction","target":{"@type":"EntryPoint","urlTemplate":"http:\/\/masciaghi.com\/it_it\/?s={search_term_string}"},"query-input":{"@type":"PropertyValueSpecification","valueRequired":true,"valueName":"search_term_string"}}],"inLanguage":"en-GB"},{"@type":"Organization","@id":"http:\/\/masciaghi.com\/it_it\/#organization","name":"Biciclette F.lli Masciaghi","url":"http:\/\/masciaghi.com\/it_it\/","logo":{"@type":"ImageObject","inLanguage":"en-GB","@id":"http:\/\/masciaghi.com\/it_it\/#\/schema\/logo\/image\/","url":"https:\/\/masciaghi.com\/wp-content\/uploads\/2021\/09\/logo-masciaghi_1a.webp","contentUrl":"https:\/\/masciaghi.com\/wp-content\/uploads\/2021\/09\/logo-masciaghi_1a.webp","width":306,"height":114,"caption":"Biciclette F.lli Masciaghi"},"image":{"@id":"http:\/\/masciaghi.com\/it_it\/#\/schema\/logo\/image\/"}}]}},"_links":{"self":[{"href":"https:\/\/masciaghi.com\/en\/wp-json\/wp\/v2\/pages\/1173","targetHints":{"allow":["GET"]}}],"collection":[{"href":"https:\/\/masciaghi.com\/en\/wp-json\/wp\/v2\/pages"}],"about":[{"href":"https:\/\/masciaghi.com\/en\/wp-json\/wp\/v2\/types\/page"}],"author":[{"embeddable":true,"href":"https:\/\/masciaghi.com\/en\/wp-json\/wp\/v2\/users\/5"}],"replies":[{"embeddable":true,"href":"https:\/\/masciaghi.com\/en\/wp-json\/wp\/v2\/comments?post=1173"}],"version-history":[{"count":85,"href":"https:\/\/masciaghi.com\/en\/wp-json\/wp\/v2\/pages\/1173\/revisions"}],"predecessor-version":[{"id":6661,"href":"https:\/\/masciaghi.com\/en\/wp-json\/wp\/v2\/pages\/1173\/revisions\/6661"}],"wp:attachment":[{"href":"https:\/\/masciaghi.com\/en\/wp-json\/wp\/v2\/media?parent=1173"}],"curies":[{"name":"wp","href":"https:\/\/api.w.org\/{rel}","templated":true}]}}